{"id":2163,"date":"2020-06-26T14:13:05","date_gmt":"2020-06-26T18:13:05","guid":{"rendered":"https:\/\/gpsites.co\/read\/?page_id=2163"},"modified":"2024-04-17T22:40:48","modified_gmt":"2024-04-17T22:40:48","slug":"subscribe","status":"publish","type":"page","link":"https:\/\/porlapazylasoberaniaya.es\/index.php\/subscribe\/","title":{"rendered":"Suscribe"},"content":{"rendered":"<div class=\"gb-container gb-container-a9772ffc\">\n\n<h1 class=\"gb-headline gb-headline-6427f8b6 gb-headline-text\">\u00bfQuieres suscribirte a \u00a1POR LA PAZ Y LA SOBERAN\u00cdA YA!?<\/h1>\n\n\n\n<h2 class=\"gb-headline gb-headline-8bab3ba8 gb-headline-text\">Gracias, creemos que eres IMPORTANTE.<\/h2>\n\n\n\n<div class=\"gb-headline gb-headline-26da646d\"><span class=\"gb-icon\"><svg xmlns=\"http:\/\/www.w3.org\/2000\/svg\" viewBox=\"0 0 40 38.261\"><path d=\"M21.4 25.687h5.479C24.791 11.177 14.169.452 0 3.116c7.066-5.714 33.041-6.314 34.932 22.571H40l-9.298 12.574L21.4 25.687z\"><\/path><\/svg><\/span><\/div>\n\n\n\n<p class=\"has-text-align-center\">[<em>agregue su formulario de suscripci\u00f3n aqu\u00ed]<\/em><\/p>\n\n<\/div>","protected":false},"excerpt":{"rendered":"<p>\u00bfQuieres suscribirte a \u00a1POR LA PAZ Y LA SOBERAN\u00cdA YA!? Gracias, creemos que eres IMPORTANTE. [agregue su formulario de suscripci\u00f3n aqu\u00ed]<\/p>\n","protected":false},"author":1,"featured_media":0,"parent":0,"menu_order":0,"comment_status":"closed","ping_status":"closed","template":"","meta":{"footnotes":""},"class_list":["post-2163","page","type-page","status-publish"],"yoast_head":"<!-- This site is optimized with the Yoast SEO plugin v22.4 - https:\/\/yoast.com\/wordpress\/plugins\/seo\/ -->\n<title>Suscribe - \u00a1POR LA PAZ Y LA SOBERAN\u00cdA YA!<\/title>\n<meta name=\"robots\" content=\"index, follow, max-snippet:-1, max-image-preview:large, max-video-preview:-1\" \/>\n<link rel=\"canonical\" href=\"https:\/\/porlapazylasoberaniaya.es\/index.php\/subscribe\/\" \/>\n<meta property=\"og:locale\" content=\"es_ES\" \/>\n<meta property=\"og:type\" content=\"article\" \/>\n<meta property=\"og:title\" content=\"Suscribe - \u00a1POR LA PAZ Y LA SOBERAN\u00cdA YA!\" \/>\n<meta property=\"og:description\" content=\"\u00bfQuieres suscribirte a \u00a1POR LA PAZ Y LA SOBERAN\u00cdA YA!? Gracias, creemos que eres IMPORTANTE. [agregue su formulario de suscripci\u00f3n aqu\u00ed]\" \/>\n<meta property=\"og:url\" content=\"https:\/\/porlapazylasoberaniaya.es\/index.php\/subscribe\/\" \/>\n<meta property=\"og:site_name\" content=\"\u00a1POR LA PAZ Y LA SOBERAN\u00cdA YA!\" \/>\n<meta property=\"article:modified_time\" content=\"2024-04-17T22:40:48+00:00\" \/>\n<meta name=\"twitter:card\" content=\"summary_large_image\" \/>\n<meta name=\"twitter:label1\" content=\"Tiempo de lectura\" \/>\n\t<meta name=\"twitter:data1\" content=\"1 minuto\" \/>\n<script type=\"application\/ld+json\" class=\"yoast-schema-graph\">{\"@context\":\"https:\/\/schema.org\",\"@graph\":[{\"@type\":\"WebPage\",\"@id\":\"https:\/\/porlapazylasoberaniaya.es\/index.php\/subscribe\/\",\"url\":\"https:\/\/porlapazylasoberaniaya.es\/index.php\/subscribe\/\",\"name\":\"Suscribe - \u00a1POR LA PAZ Y LA SOBERAN\u00cdA YA!\",\"isPartOf\":{\"@id\":\"https:\/\/porlapazylasoberaniaya.es\/#website\"},\"datePublished\":\"2020-06-26T18:13:05+00:00\",\"dateModified\":\"2024-04-17T22:40:48+00:00\",\"breadcrumb\":{\"@id\":\"https:\/\/porlapazylasoberaniaya.es\/index.php\/subscribe\/#breadcrumb\"},\"inLanguage\":\"es\",\"potentialAction\":[{\"@type\":\"ReadAction\",\"target\":[\"https:\/\/porlapazylasoberaniaya.es\/index.php\/subscribe\/\"]}]},{\"@type\":\"BreadcrumbList\",\"@id\":\"https:\/\/porlapazylasoberaniaya.es\/index.php\/subscribe\/#breadcrumb\",\"itemListElement\":[{\"@type\":\"ListItem\",\"position\":1,\"name\":\"Portada\",\"item\":\"https:\/\/porlapazylasoberaniaya.es\/\"},{\"@type\":\"ListItem\",\"position\":2,\"name\":\"Suscribe\"}]},{\"@type\":\"WebSite\",\"@id\":\"https:\/\/porlapazylasoberaniaya.es\/#website\",\"url\":\"https:\/\/porlapazylasoberaniaya.es\/\",\"name\":\"\u00a1POR LA PAZ Y LA SOBERAN\u00cdA YA!\",\"description\":\"\",\"publisher\":{\"@id\":\"https:\/\/porlapazylasoberaniaya.es\/#organization\"},\"potentialAction\":[{\"@type\":\"SearchAction\",\"target\":{\"@type\":\"EntryPoint\",\"urlTemplate\":\"https:\/\/porlapazylasoberaniaya.es\/?s={search_term_string}\"},\"query-input\":\"required name=search_term_string\"}],\"inLanguage\":\"es\"},{\"@type\":\"Organization\",\"@id\":\"https:\/\/porlapazylasoberaniaya.es\/#organization\",\"name\":\"\u00a1POR LA PAZ Y LA SOBERAN\u00cdA YA!\",\"url\":\"https:\/\/porlapazylasoberaniaya.es\/\",\"logo\":{\"@type\":\"ImageObject\",\"inLanguage\":\"es\",\"@id\":\"https:\/\/porlapazylasoberaniaya.es\/#\/schema\/logo\/image\/\",\"url\":\"https:\/\/porlapazylasoberaniaya.es\/wp-content\/uploads\/2024\/04\/porlapazya.png\",\"contentUrl\":\"https:\/\/porlapazylasoberaniaya.es\/wp-content\/uploads\/2024\/04\/porlapazya.png\",\"width\":851,\"height\":315,\"caption\":\"\u00a1POR LA PAZ Y LA SOBERAN\u00cdA YA!\"},\"image\":{\"@id\":\"https:\/\/porlapazylasoberaniaya.es\/#\/schema\/logo\/image\/\"}}]}<\/script>\n<!-- \/ Yoast SEO plugin. -->","yoast_head_json":{"title":"Suscribe - \u00a1POR LA PAZ Y LA SOBERAN\u00cdA YA!","robots":{"index":"index","follow":"follow","max-snippet":"max-snippet:-1","max-image-preview":"max-image-preview:large","max-video-preview":"max-video-preview:-1"},"canonical":"https:\/\/porlapazylasoberaniaya.es\/index.php\/subscribe\/","og_locale":"es_ES","og_type":"article","og_title":"Suscribe - \u00a1POR LA PAZ Y LA SOBERAN\u00cdA YA!","og_description":"\u00bfQuieres suscribirte a \u00a1POR LA PAZ Y LA SOBERAN\u00cdA YA!? Gracias, creemos que eres IMPORTANTE. [agregue su formulario de suscripci\u00f3n aqu\u00ed]","og_url":"https:\/\/porlapazylasoberaniaya.es\/index.php\/subscribe\/","og_site_name":"\u00a1POR LA PAZ Y LA SOBERAN\u00cdA YA!","article_modified_time":"2024-04-17T22:40:48+00:00","twitter_card":"summary_large_image","twitter_misc":{"Tiempo de lectura":"1 minuto"},"schema":{"@context":"https:\/\/schema.org","@graph":[{"@type":"WebPage","@id":"https:\/\/porlapazylasoberaniaya.es\/index.php\/subscribe\/","url":"https:\/\/porlapazylasoberaniaya.es\/index.php\/subscribe\/","name":"Suscribe - \u00a1POR LA PAZ Y LA SOBERAN\u00cdA YA!","isPartOf":{"@id":"https:\/\/porlapazylasoberaniaya.es\/#website"},"datePublished":"2020-06-26T18:13:05+00:00","dateModified":"2024-04-17T22:40:48+00:00","breadcrumb":{"@id":"https:\/\/porlapazylasoberaniaya.es\/index.php\/subscribe\/#breadcrumb"},"inLanguage":"es","potentialAction":[{"@type":"ReadAction","target":["https:\/\/porlapazylasoberaniaya.es\/index.php\/subscribe\/"]}]},{"@type":"BreadcrumbList","@id":"https:\/\/porlapazylasoberaniaya.es\/index.php\/subscribe\/#breadcrumb","itemListElement":[{"@type":"ListItem","position":1,"name":"Portada","item":"https:\/\/porlapazylasoberaniaya.es\/"},{"@type":"ListItem","position":2,"name":"Suscribe"}]},{"@type":"WebSite","@id":"https:\/\/porlapazylasoberaniaya.es\/#website","url":"https:\/\/porlapazylasoberaniaya.es\/","name":"\u00a1POR LA PAZ Y LA SOBERAN\u00cdA YA!","description":"","publisher":{"@id":"https:\/\/porlapazylasoberaniaya.es\/#organization"},"potentialAction":[{"@type":"SearchAction","target":{"@type":"EntryPoint","urlTemplate":"https:\/\/porlapazylasoberaniaya.es\/?s={search_term_string}"},"query-input":"required name=search_term_string"}],"inLanguage":"es"},{"@type":"Organization","@id":"https:\/\/porlapazylasoberaniaya.es\/#organization","name":"\u00a1POR LA PAZ Y LA SOBERAN\u00cdA YA!","url":"https:\/\/porlapazylasoberaniaya.es\/","logo":{"@type":"ImageObject","inLanguage":"es","@id":"https:\/\/porlapazylasoberaniaya.es\/#\/schema\/logo\/image\/","url":"https:\/\/porlapazylasoberaniaya.es\/wp-content\/uploads\/2024\/04\/porlapazya.png","contentUrl":"https:\/\/porlapazylasoberaniaya.es\/wp-content\/uploads\/2024\/04\/porlapazya.png","width":851,"height":315,"caption":"\u00a1POR LA PAZ Y LA SOBERAN\u00cdA YA!"},"image":{"@id":"https:\/\/porlapazylasoberaniaya.es\/#\/schema\/logo\/image\/"}}]}},"_links":{"self":[{"href":"https:\/\/porlapazylasoberaniaya.es\/index.php\/wp-json\/wp\/v2\/pages\/2163","targetHints":{"allow":["GET"]}}],"collection":[{"href":"https:\/\/porlapazylasoberaniaya.es\/index.php\/wp-json\/wp\/v2\/pages"}],"about":[{"href":"https:\/\/porlapazylasoberaniaya.es\/index.php\/wp-json\/wp\/v2\/types\/page"}],"author":[{"embeddable":true,"href":"https:\/\/porlapazylasoberaniaya.es\/index.php\/wp-json\/wp\/v2\/users\/1"}],"replies":[{"embeddable":true,"href":"https:\/\/porlapazylasoberaniaya.es\/index.php\/wp-json\/wp\/v2\/comments?post=2163"}],"version-history":[{"count":1,"href":"https:\/\/porlapazylasoberaniaya.es\/index.php\/wp-json\/wp\/v2\/pages\/2163\/revisions"}],"predecessor-version":[{"id":2516,"href":"https:\/\/porlapazylasoberaniaya.es\/index.php\/wp-json\/wp\/v2\/pages\/2163\/revisions\/2516"}],"wp:attachment":[{"href":"https:\/\/porlapazylasoberaniaya.es\/index.php\/wp-json\/wp\/v2\/media?parent=2163"}],"curies":[{"name":"wp","href":"https:\/\/api.w.org\/{rel}","templated":true}]}}